{"id":440,"date":"2026-04-24T15:17:34","date_gmt":"2026-04-24T15:17:34","guid":{"rendered":"https:\/\/chaletorcieresalpes.com\/?page_id=440"},"modified":"2026-04-24T17:19:48","modified_gmt":"2026-04-24T17:19:48","slug":"la-station","status":"publish","type":"page","link":"https:\/\/chaletorcieresalpes.com\/index.php\/la-station\/","title":{"rendered":"La station"},"content":{"rendered":"\n<blockquote class=\"wp-block-quote is-layout-flow wp-block-quote-is-layout-flow\">\n<p>Orci\u00e8res-Merlette 1850 est une station familiale des Hautes-Alpes, perch\u00e9e \u00e0 1850 m dans la vall\u00e9e du Champsaur, aux portes du Parc National des \u00c9crins. Son domaine s&rsquo;\u00e9tend jusqu&rsquo;\u00e0 2725 m d&rsquo;altitude avec 100 km de pistes pour tous les niveaux, 30 remont\u00e9es m\u00e9caniques dont 3 T\u00e9l\u00e9mix innovants, et une Fun Zone de 16 000 m\u00b2 pour les amateurs de sensations. Elle b\u00e9n\u00e9ficie d&rsquo;un bel ensoleillement gr\u00e2ce \u00e0 son exposition sud et d&rsquo;un cadre montagnard \u00e9poustouflant.<\/p>\n\n\n\n<p>Le domaine skiable compte <strong>52 pistes<\/strong> au total dont 9 vertes, 18 bleues, 18 rouges et 7 noires<\/p>\n<\/blockquote>\n\n\n\n<figure class=\"wp-block-image size-large is-resized\"><img loading=\"lazy\" decoding=\"async\" width=\"1024\" height=\"724\" src=\"https:\/\/chaletorcieresalpes.com\/wp-content\/uploads\/2026\/04\/pistes-1-1024x724.jpg\" alt=\"\" class=\"wp-image-468\" style=\"aspect-ratio:1.414371559713546;width:1200px;height:auto\" srcset=\"https:\/\/chaletorcieresalpes.com\/wp-content\/uploads\/2026\/04\/pistes-1-1024x724.jpg 1024w, https:\/\/chaletorcieresalpes.com\/wp-content\/uploads\/2026\/04\/pistes-1-300x212.jpg 300w, https:\/\/chaletorcieresalpes.com\/wp-content\/uploads\/2026\/04\/pistes-1-768x543.jpg 768w, https:\/\/chaletorcieresalpes.com\/wp-content\/uploads\/2026\/04\/pistes-1-1536x1086.jpg 1536w, https:\/\/chaletorcieresalpes.com\/wp-content\/uploads\/2026\/04\/pistes-1-2048x1448.jpg 2048w\" sizes=\"auto, (max-width: 1024px) 100vw, 1024px\" \/><\/figure>\n\n\n\n<figure class=\"wp-block-gallery has-nested-images columns-default is-cropped wp-block-gallery-1 is-layout-flex wp-block-gallery-is-layout-flex\">\n<figure class=\"wp-block-image size-large\" style=\"margin-top:0;margin-bottom:0\"><img loading=\"lazy\" decoding=\"async\" width=\"640\" height=\"480\" data-id=\"511\" src=\"https:\/\/chaletorcieresalpes.com\/wp-content\/uploads\/2026\/04\/orciee-ete.webp\" alt=\"\" class=\"wp-image-511\" srcset=\"https:\/\/chaletorcieresalpes.com\/wp-content\/uploads\/2026\/04\/orciee-ete.webp 640w, https:\/\/chaletorcieresalpes.com\/wp-content\/uploads\/2026\/04\/orciee-ete-300x225.webp 300w\" sizes=\"auto, (max-width: 640px) 100vw, 640px\" \/><figcaption class=\"wp-element-caption\"><strong>\u00c9<\/strong>t\u00e9<\/figcaption><\/figure>\n\n\n\n<figure class=\"wp-block-image size-large\"><img loading=\"lazy\" decoding=\"async\" width=\"1024\" height=\"512\" data-id=\"513\" src=\"https:\/\/chaletorcieresalpes.com\/wp-content\/uploads\/2026\/04\/merltte-hiver-1024x512.webp\" alt=\"\" class=\"wp-image-513\" srcset=\"https:\/\/chaletorcieresalpes.com\/wp-content\/uploads\/2026\/04\/merltte-hiver-1024x512.webp 1024w, https:\/\/chaletorcieresalpes.com\/wp-content\/uploads\/2026\/04\/merltte-hiver-300x150.webp 300w, https:\/\/chaletorcieresalpes.com\/wp-content\/uploads\/2026\/04\/merltte-hiver-768x384.webp 768w, https:\/\/chaletorcieresalpes.com\/wp-content\/uploads\/2026\/04\/merltte-hiver-1536x768.webp 1536w, https:\/\/chaletorcieresalpes.com\/wp-content\/uploads\/2026\/04\/merltte-hiver.webp 1920w\" sizes=\"auto, (max-width: 1024px) 100vw, 1024px\" \/><figcaption class=\"wp-element-caption\">Hiver<\/figcaption><\/figure>\n<\/figure>\n\n\n\n<h2 class=\"wp-block-heading has-text-align-center\" id=\"hiver\">Activit\u00e9s hiver<\/h2>\n\n\n\n<hr class=\"wp-block-separator has-alpha-channel-opacity\"\/>\n\n\n\n<figure class=\"wp-block-gallery has-nested-images columns-default is-cropped wp-block-gallery-2 is-layout-flex wp-block-gallery-is-layout-flex\">\n<figure class=\"wp-block-image size-large\"><img loading=\"lazy\" decoding=\"async\" width=\"460\" height=\"345\" data-id=\"517\" src=\"https:\/\/chaletorcieresalpes.com\/wp-content\/uploads\/2026\/04\/alpinisme.jpg\" alt=\"\" class=\"wp-image-517\" srcset=\"https:\/\/chaletorcieresalpes.com\/wp-content\/uploads\/2026\/04\/alpinisme.jpg 460w, https:\/\/chaletorcieresalpes.com\/wp-content\/uploads\/2026\/04\/alpinisme-300x225.jpg 300w\" sizes=\"auto, (max-width: 460px) 100vw, 460px\" \/><figcaption class=\"wp-element-caption\">Escalade sur glace<\/figcaption><\/figure>\n\n\n\n<figure class=\"wp-block-image size-large\"><img loading=\"lazy\" decoding=\"async\" width=\"1024\" height=\"616\" data-id=\"452\" src=\"https:\/\/chaletorcieresalpes.com\/wp-content\/uploads\/2026\/04\/husky-1024x616.jpg\" alt=\"\" class=\"wp-image-452\" srcset=\"https:\/\/chaletorcieresalpes.com\/wp-content\/uploads\/2026\/04\/husky-1024x616.jpg 1024w, https:\/\/chaletorcieresalpes.com\/wp-content\/uploads\/2026\/04\/husky-300x181.jpg 300w, https:\/\/chaletorcieresalpes.com\/wp-content\/uploads\/2026\/04\/husky-768x462.jpg 768w, https:\/\/chaletorcieresalpes.com\/wp-content\/uploads\/2026\/04\/husky-1536x925.jpg 1536w, https:\/\/chaletorcieresalpes.com\/wp-content\/uploads\/2026\/04\/husky-2048x1233.jpg 2048w\" sizes=\"auto, (max-width: 1024px) 100vw, 1024px\" \/><figcaption class=\"wp-element-caption\">Chien de traineau<\/figcaption><\/figure>\n\n\n\n<figure class=\"wp-block-image size-large\"><img loading=\"lazy\" decoding=\"async\" width=\"2560\" height=\"1707\" data-id=\"451\" src=\"https:\/\/chaletorcieresalpes.com\/wp-content\/uploads\/2026\/04\/ski-1-scaled.jpg\" alt=\"\" class=\"wp-image-451\"\/><figcaption class=\"wp-element-caption\">Ski<\/figcaption><\/figure>\n\n\n\n<figure class=\"wp-block-image size-large\"><img loading=\"lazy\" decoding=\"async\" width=\"1024\" height=\"681\" data-id=\"459\" src=\"https:\/\/chaletorcieresalpes.com\/wp-content\/uploads\/2026\/04\/motoneige-1024x681.jpg\" alt=\"\" class=\"wp-image-459\" srcset=\"https:\/\/chaletorcieresalpes.com\/wp-content\/uploads\/2026\/04\/motoneige-1024x681.jpg 1024w, https:\/\/chaletorcieresalpes.com\/wp-content\/uploads\/2026\/04\/motoneige-300x200.jpg 300w, https:\/\/chaletorcieresalpes.com\/wp-content\/uploads\/2026\/04\/motoneige-768x511.jpg 768w, https:\/\/chaletorcieresalpes.com\/wp-content\/uploads\/2026\/04\/motoneige-1536x1022.jpg 1536w, https:\/\/chaletorcieresalpes.com\/wp-content\/uploads\/2026\/04\/motoneige.jpg 1680w\" sizes=\"auto, (max-width: 1024px) 100vw, 1024px\" \/><figcaption class=\"wp-element-caption\">Motoneige<\/figcaption><\/figure>\n\n\n\n<figure class=\"wp-block-image size-large\"><img loading=\"lazy\" decoding=\"async\" width=\"640\" height=\"640\" data-id=\"518\" src=\"https:\/\/chaletorcieresalpes.com\/wp-content\/uploads\/2026\/04\/rqauette.webp\" alt=\"\" class=\"wp-image-518\" srcset=\"https:\/\/chaletorcieresalpes.com\/wp-content\/uploads\/2026\/04\/rqauette.webp 640w, https:\/\/chaletorcieresalpes.com\/wp-content\/uploads\/2026\/04\/rqauette-300x300.webp 300w, https:\/\/chaletorcieresalpes.com\/wp-content\/uploads\/2026\/04\/rqauette-150x150.webp 150w\" sizes=\"auto, (max-width: 640px) 100vw, 640px\" \/><figcaption class=\"wp-element-caption\">Raquettes<\/figcaption><\/figure>\n<\/figure>\n\n\n\n<hr class=\"wp-block-separator has-alpha-channel-opacity\"\/>\n\n\n\n<div class=\"wp-block-themeisle-blocks-modal\"><\/div>\n\n\n\n<h2 class=\"wp-block-heading has-text-align-center\" id=\"\u00e9t\u00e9\"><mark style=\"background-color:var(--ast-global-color-4)\" class=\"has-inline-color\">Activit\u00e9s \u00e9t\u00e9<\/mark><\/h2>\n\n\n\n<hr class=\"wp-block-separator has-alpha-channel-opacity\"\/>\n\n\n\n<figure class=\"wp-block-gallery has-nested-images columns-default is-cropped wp-block-gallery-3 is-layout-flex wp-block-gallery-is-layout-flex\">\n<figure class=\"wp-block-image size-large\"><img loading=\"lazy\" decoding=\"async\" width=\"1708\" height=\"960\" data-id=\"458\" src=\"https:\/\/chaletorcieresalpes.com\/wp-content\/uploads\/2026\/04\/trail-edited.jpg\" alt=\"\" class=\"wp-image-458\" srcset=\"https:\/\/chaletorcieresalpes.com\/wp-content\/uploads\/2026\/04\/trail-edited.jpg 1708w, https:\/\/chaletorcieresalpes.com\/wp-content\/uploads\/2026\/04\/trail-edited-300x169.jpg 300w, https:\/\/chaletorcieresalpes.com\/wp-content\/uploads\/2026\/04\/trail-edited-1024x576.jpg 1024w, https:\/\/chaletorcieresalpes.com\/wp-content\/uploads\/2026\/04\/trail-edited-768x432.jpg 768w, https:\/\/chaletorcieresalpes.com\/wp-content\/uploads\/2026\/04\/trail-edited-1536x863.jpg 1536w\" sizes=\"auto, (max-width: 1708px) 100vw, 1708px\" \/><figcaption class=\"wp-element-caption\">Trail<\/figcaption><\/figure>\n\n\n\n<figure class=\"wp-block-image size-large\"><img loading=\"lazy\" decoding=\"async\" width=\"1024\" height=\"682\" data-id=\"457\" src=\"https:\/\/chaletorcieresalpes.com\/wp-content\/uploads\/2026\/04\/vtt-1-1024x682.jpg\" alt=\"\" class=\"wp-image-457\" srcset=\"https:\/\/chaletorcieresalpes.com\/wp-content\/uploads\/2026\/04\/vtt-1-1024x682.jpg 1024w, https:\/\/chaletorcieresalpes.com\/wp-content\/uploads\/2026\/04\/vtt-1-300x200.jpg 300w, https:\/\/chaletorcieresalpes.com\/wp-content\/uploads\/2026\/04\/vtt-1-768x512.jpg 768w, https:\/\/chaletorcieresalpes.com\/wp-content\/uploads\/2026\/04\/vtt-1-1536x1024.jpg 1536w, https:\/\/chaletorcieresalpes.com\/wp-content\/uploads\/2026\/04\/vtt-1.jpg 2000w\" sizes=\"auto, (max-width: 1024px) 100vw, 1024px\" \/><figcaption class=\"wp-element-caption\">VTT<\/figcaption><\/figure>\n\n\n\n<figure class=\"wp-block-image size-large\"><img loading=\"lazy\" decoding=\"async\" width=\"1024\" height=\"512\" data-id=\"464\" src=\"https:\/\/chaletorcieresalpes.com\/wp-content\/uploads\/2026\/04\/parc-ete-1024x512.webp\" alt=\"\" class=\"wp-image-464\" srcset=\"https:\/\/chaletorcieresalpes.com\/wp-content\/uploads\/2026\/04\/parc-ete-1024x512.webp 1024w, https:\/\/chaletorcieresalpes.com\/wp-content\/uploads\/2026\/04\/parc-ete-300x150.webp 300w, https:\/\/chaletorcieresalpes.com\/wp-content\/uploads\/2026\/04\/parc-ete-768x384.webp 768w, https:\/\/chaletorcieresalpes.com\/wp-content\/uploads\/2026\/04\/parc-ete-1536x768.webp 1536w, https:\/\/chaletorcieresalpes.com\/wp-content\/uploads\/2026\/04\/parc-ete.webp 1920w\" sizes=\"auto, (max-width: 1024px) 100vw, 1024px\" \/><figcaption class=\"wp-element-caption\">Parc animalier<\/figcaption><\/figure>\n\n\n\n<figure class=\"wp-block-image size-large\"><img loading=\"lazy\" decoding=\"async\" width=\"640\" height=\"214\" data-id=\"507\" src=\"https:\/\/chaletorcieresalpes.com\/wp-content\/uploads\/2026\/04\/base-de-loisir.webp\" alt=\"\" class=\"wp-image-507\" srcset=\"https:\/\/chaletorcieresalpes.com\/wp-content\/uploads\/2026\/04\/base-de-loisir.webp 640w, https:\/\/chaletorcieresalpes.com\/wp-content\/uploads\/2026\/04\/base-de-loisir-300x100.webp 300w\" sizes=\"auto, (max-width: 640px) 100vw, 640px\" \/><figcaption class=\"wp-element-caption\">Base de loisirs<\/figcaption><\/figure>\n\n\n\n<figure class=\"wp-block-image size-large\"><img loading=\"lazy\" decoding=\"async\" width=\"1024\" height=\"535\" data-id=\"519\" src=\"https:\/\/chaletorcieresalpes.com\/wp-content\/uploads\/2026\/04\/raft-1024x535.jpg\" alt=\"\" class=\"wp-image-519\" srcset=\"https:\/\/chaletorcieresalpes.com\/wp-content\/uploads\/2026\/04\/raft-1024x535.jpg 1024w, https:\/\/chaletorcieresalpes.com\/wp-content\/uploads\/2026\/04\/raft-300x157.jpg 300w, https:\/\/chaletorcieresalpes.com\/wp-content\/uploads\/2026\/04\/raft-768x401.jpg 768w, https:\/\/chaletorcieresalpes.com\/wp-content\/uploads\/2026\/04\/raft.jpg 1200w\" sizes=\"auto, (max-width: 1024px) 100vw, 1024px\" \/><figcaption class=\"wp-element-caption\">Rafting<\/figcaption><\/figure>\n<\/figure>\n\n\n\n<hr class=\"wp-block-separator has-alpha-channel-opacity\"\/>\n\n\n\n<h2 class=\"wp-block-heading has-text-align-center\" id=\"ann\u00e9e\">Activit\u00e9s toute l&rsquo;ann\u00e9e<\/h2>\n\n\n\n<hr class=\"wp-block-separator has-alpha-channel-opacity\"\/>\n\n\n\n<figure class=\"wp-block-gallery has-nested-images columns-default is-cropped wp-block-gallery-4 is-layout-flex wp-block-gallery-is-layout-flex\">\n<figure class=\"wp-block-image size-large\"><img loading=\"lazy\" decoding=\"async\" width=\"1024\" height=\"684\" data-id=\"461\" src=\"https:\/\/chaletorcieresalpes.com\/wp-content\/uploads\/2026\/04\/patinoire-1024x684.jpg\" alt=\"\" class=\"wp-image-461\" srcset=\"https:\/\/chaletorcieresalpes.com\/wp-content\/uploads\/2026\/04\/patinoire-1024x684.jpg 1024w, https:\/\/chaletorcieresalpes.com\/wp-content\/uploads\/2026\/04\/patinoire-300x200.jpg 300w, https:\/\/chaletorcieresalpes.com\/wp-content\/uploads\/2026\/04\/patinoire-768x513.jpg 768w, https:\/\/chaletorcieresalpes.com\/wp-content\/uploads\/2026\/04\/patinoire-1536x1025.jpg 1536w, https:\/\/chaletorcieresalpes.com\/wp-content\/uploads\/2026\/04\/patinoire-2048x1367.jpg 2048w\" sizes=\"auto, (max-width: 1024px) 100vw, 1024px\" \/><figcaption class=\"wp-element-caption\">Patinoire<\/figcaption><\/figure>\n\n\n\n<figure class=\"wp-block-image size-large\"><img loading=\"lazy\" decoding=\"async\" width=\"1024\" height=\"683\" data-id=\"462\" src=\"https:\/\/chaletorcieresalpes.com\/wp-content\/uploads\/2026\/04\/bowling-1024x683.jpg\" alt=\"\" class=\"wp-image-462\" srcset=\"https:\/\/chaletorcieresalpes.com\/wp-content\/uploads\/2026\/04\/bowling-1024x683.jpg 1024w, https:\/\/chaletorcieresalpes.com\/wp-content\/uploads\/2026\/04\/bowling-300x200.jpg 300w, https:\/\/chaletorcieresalpes.com\/wp-content\/uploads\/2026\/04\/bowling-768x512.jpg 768w, https:\/\/chaletorcieresalpes.com\/wp-content\/uploads\/2026\/04\/bowling-1536x1025.jpg 1536w, https:\/\/chaletorcieresalpes.com\/wp-content\/uploads\/2026\/04\/bowling.jpg 1920w\" sizes=\"auto, (max-width: 1024px) 100vw, 1024px\" \/><figcaption class=\"wp-element-caption\">Bowling<\/figcaption><\/figure>\n\n\n\n<figure class=\"wp-block-image size-full\"><img loading=\"lazy\" decoding=\"async\" width=\"1024\" height=\"768\" data-id=\"509\" src=\"http:\/\/chaletorcieresalpes.com\/wp-content\/uploads\/2026\/04\/piscine.jpg\" alt=\"\" class=\"wp-image-509\" srcset=\"https:\/\/chaletorcieresalpes.com\/wp-content\/uploads\/2026\/04\/piscine.jpg 1024w, https:\/\/chaletorcieresalpes.com\/wp-content\/uploads\/2026\/04\/piscine-300x225.jpg 300w, https:\/\/chaletorcieresalpes.com\/wp-content\/uploads\/2026\/04\/piscine-768x576.jpg 768w\" sizes=\"auto, (max-width: 1024px) 100vw, 1024px\" \/><figcaption class=\"wp-element-caption\">Piscine<\/figcaption><\/figure>\n\n\n\n<figure class=\"wp-block-image size-large\"><img loading=\"lazy\" decoding=\"async\" width=\"1024\" height=\"682\" data-id=\"463\" src=\"https:\/\/chaletorcieresalpes.com\/wp-content\/uploads\/2026\/04\/tyro-ete-1024x682.jpg\" alt=\"\" class=\"wp-image-463\" srcset=\"https:\/\/chaletorcieresalpes.com\/wp-content\/uploads\/2026\/04\/tyro-ete-1024x682.jpg 1024w, https:\/\/chaletorcieresalpes.com\/wp-content\/uploads\/2026\/04\/tyro-ete-300x200.jpg 300w, https:\/\/chaletorcieresalpes.com\/wp-content\/uploads\/2026\/04\/tyro-ete-768x512.jpg 768w, https:\/\/chaletorcieresalpes.com\/wp-content\/uploads\/2026\/04\/tyro-ete.jpg 1141w\" sizes=\"auto, (max-width: 1024px) 100vw, 1024px\" \/><figcaption class=\"wp-element-caption\">Tyrolienne<\/figcaption><\/figure>\n\n\n\n<figure class=\"wp-block-image size-large\"><img loading=\"lazy\" decoding=\"async\" width=\"1024\" height=\"683\" data-id=\"460\" src=\"https:\/\/chaletorcieresalpes.com\/wp-content\/uploads\/2026\/04\/parapente-hiver.jpg\" alt=\"\" class=\"wp-image-460\" srcset=\"https:\/\/chaletorcieresalpes.com\/wp-content\/uploads\/2026\/04\/parapente-hiver.jpg 1024w, https:\/\/chaletorcieresalpes.com\/wp-content\/uploads\/2026\/04\/parapente-hiver-300x200.jpg 300w, https:\/\/chaletorcieresalpes.com\/wp-content\/uploads\/2026\/04\/parapente-hiver-768x512.jpg 768w\" sizes=\"auto, (max-width: 1024px) 100vw, 1024px\" \/><figcaption class=\"wp-element-caption\">Parapente<\/figcaption><\/figure>\n<\/figure>\n\n\n\n<hr class=\"wp-block-separator has-alpha-channel-opacity\"\/>\n\n\n\n<h2 class=\"wp-block-heading has-text-align-center\" id=\"tourisme\">Autres activit\u00e9s<\/h2>\n\n\n\n<p>L&rsquo;office du toursime propose une multitude d&rsquo;activit\u00e9s tout au long de l&rsquo;ann\u00e9e : <\/p>\n\n\n\n<ul class=\"wp-block-list\">\n<li>Descente au Flambeaux\/lanterne<\/li>\n\n\n\n<li>Concours de bonhomme de neige<\/li>\n\n\n\n<li>Concert sur le front de neige<\/li>\n\n\n\n<li>Chasse aux oeufs<\/li>\n<\/ul>\n\n\n\n<p>Et plein d&rsquo;autres activit\u00e9s !<\/p>\n\n\n\n<figure class=\"wp-block-gallery has-nested-images columns-default is-cropped wp-block-gallery-5 is-layout-flex wp-block-gallery-is-layout-flex\">\n<figure class=\"wp-block-image size-large\"><img loading=\"lazy\" decoding=\"async\" width=\"1024\" height=\"444\" data-id=\"465\" src=\"https:\/\/chaletorcieresalpes.com\/wp-content\/uploads\/2026\/04\/flambeau-1024x444.jpg\" alt=\"\" class=\"wp-image-465\" srcset=\"https:\/\/chaletorcieresalpes.com\/wp-content\/uploads\/2026\/04\/flambeau-1024x444.jpg 1024w, https:\/\/chaletorcieresalpes.com\/wp-content\/uploads\/2026\/04\/flambeau-300x130.jpg 300w, https:\/\/chaletorcieresalpes.com\/wp-content\/uploads\/2026\/04\/flambeau-768x333.jpg 768w, https:\/\/chaletorcieresalpes.com\/wp-content\/uploads\/2026\/04\/flambeau.jpg 1534w\" sizes=\"auto, (max-width: 1024px) 100vw, 1024px\" \/><figcaption class=\"wp-element-caption\">D\u00e9scente aux Flambeaux<\/figcaption><\/figure>\n\n\n\n<figure class=\"wp-block-image size-large\"><img loading=\"lazy\" decoding=\"async\" width=\"1024\" height=\"681\" data-id=\"508\" src=\"http:\/\/chaletorcieresalpes.com\/wp-content\/uploads\/2026\/04\/concert-1024x681.jpg\" alt=\"\" class=\"wp-image-508\" srcset=\"https:\/\/chaletorcieresalpes.com\/wp-content\/uploads\/2026\/04\/concert-1024x681.jpg 1024w, https:\/\/chaletorcieresalpes.com\/wp-content\/uploads\/2026\/04\/concert-300x200.jpg 300w, https:\/\/chaletorcieresalpes.com\/wp-content\/uploads\/2026\/04\/concert-768x511.jpg 768w, https:\/\/chaletorcieresalpes.com\/wp-content\/uploads\/2026\/04\/concert-1536x1022.jpg 1536w, https:\/\/chaletorcieresalpes.com\/wp-content\/uploads\/2026\/04\/concert-2048x1363.jpg 2048w\" sizes=\"auto, (max-width: 1024px) 100vw, 1024px\" \/><figcaption class=\"wp-element-caption\">Concert<\/figcaption><\/figure>\n<\/figure>\n\n\n\n<p><\/p>\n","protected":false},"excerpt":{"rendered":"<p>Orci\u00e8res-Merlette 1850 est une station familiale des Hautes-Alpes, perch\u00e9e \u00e0 1850 m dans la vall\u00e9e du Champsaur, aux portes du [&hellip;]<\/p>\n","protected":false},"author":1,"featured_media":0,"parent":0,"menu_order":0,"comment_status":"closed","ping_status":"closed","template":"","meta":{"site-sidebar-layout":"default","site-content-layout":"","ast-site-content-layout":"default","site-content-style":"default","site-sidebar-style":"default","ast-global-header-display":"","ast-banner-title-visibility":"","ast-main-header-display":"","ast-hfb-above-header-display":"","ast-hfb-below-header-display":"","ast-hfb-mobile-header-display":"","site-post-title":"","ast-breadcrumbs-content":"","ast-featured-img":"","footer-sml-layout":"","ast-disable-related-posts":"","theme-transparent-header-meta":"","adv-header-id-meta":"","stick-header-meta":"","header-above-stick-meta":"","header-main-stick-meta":"","header-below-stick-meta":"","astra-migrate-meta-layouts":"default","ast-page-background-enabled":"default","ast-page-background-meta":{"desktop":{"background-color":"var(--ast-global-color-5)","background-image":"","background-repeat":"repeat","background-position":"center center","background-size":"auto","background-attachment":"scroll","background-type":"","background-media":"","overlay-type":"","overlay-color":"","overlay-opacity":"","overlay-gradient":""},"tablet":{"background-color":"","background-image":"","background-repeat":"repeat","background-position":"center center","background-size":"auto","background-attachment":"scroll","background-type":"","background-media":"","overlay-type":"","overlay-color":"","overlay-opacity":"","overlay-gradient":""},"mobile":{"background-color":"","background-image":"","background-repeat":"repeat","background-position":"center center","background-size":"auto","background-attachment":"scroll","background-type":"","background-media":"","overlay-type":"","overlay-color":"","overlay-opacity":"","overlay-gradient":""}},"ast-content-background-meta":{"desktop":{"background-color":"var(--ast-global-color-4)","background-image":"","background-repeat":"repeat","background-position":"center center","background-size":"auto","background-attachment":"scroll","background-type":"","background-media":"","overlay-type":"","overlay-color":"","overlay-opacity":"","overlay-gradient":""},"tablet":{"background-color":"var(--ast-global-color-4)","background-image":"","background-repeat":"repeat","background-position":"center center","background-size":"auto","background-attachment":"scroll","background-type":"","background-media":"","overlay-type":"","overlay-color":"","overlay-opacity":"","overlay-gradient":""},"mobile":{"background-color":"var(--ast-global-color-4)","background-image":"","background-repeat":"repeat","background-position":"center center","background-size":"auto","background-attachment":"scroll","background-type":"","background-media":"","overlay-type":"","overlay-color":"","overlay-opacity":"","overlay-gradient":""}},"advanced_seo_description":"","jetpack_seo_html_title":"","jetpack_seo_noindex":false,"_themeisle_gutenberg_block_has_review":false,"footnotes":""},"class_list":["post-440","page","type-page","status-publish","hentry"],"jetpack_sharing_enabled":true,"_links":{"self":[{"href":"https:\/\/chaletorcieresalpes.com\/index.php\/wp-json\/wp\/v2\/pages\/440","targetHints":{"allow":["GET"]}}],"collection":[{"href":"https:\/\/chaletorcieresalpes.com\/index.php\/wp-json\/wp\/v2\/pages"}],"about":[{"href":"https:\/\/chaletorcieresalpes.com\/index.php\/wp-json\/wp\/v2\/types\/page"}],"author":[{"embeddable":true,"href":"https:\/\/chaletorcieresalpes.com\/index.php\/wp-json\/wp\/v2\/users\/1"}],"replies":[{"embeddable":true,"href":"https:\/\/chaletorcieresalpes.com\/index.php\/wp-json\/wp\/v2\/comments?post=440"}],"version-history":[{"count":11,"href":"https:\/\/chaletorcieresalpes.com\/index.php\/wp-json\/wp\/v2\/pages\/440\/revisions"}],"predecessor-version":[{"id":520,"href":"https:\/\/chaletorcieresalpes.com\/index.php\/wp-json\/wp\/v2\/pages\/440\/revisions\/520"}],"wp:attachment":[{"href":"https:\/\/chaletorcieresalpes.com\/index.php\/wp-json\/wp\/v2\/media?parent=440"}],"curies":[{"name":"wp","href":"https:\/\/api.w.org\/{rel}","templated":true}]}}