{"id":138,"date":"2025-12-29T11:52:42","date_gmt":"2025-12-29T11:52:42","guid":{"rendered":"https:\/\/chaletorcieresalpes.com\/?page_id=138"},"modified":"2026-01-05T15:32:31","modified_gmt":"2026-01-05T15:32:31","slug":"baptiste-bas","status":"publish","type":"page","link":"https:\/\/chaletorcieresalpes.com\/index.php\/baptiste-bas\/","title":{"rendered":"Chalet Baptiste 4\/6 personnes"},"content":{"rendered":"\n<p>Appartement situ\u00e9 au rez-de-chauss\u00e9e pouvant accueillir jusqu&rsquo;\u00e0 6 personnes, mais il est id\u00e9alement con\u00e7u pour offrir un confort optimal \u00e0 4 personnes<\/p>\n\n\n\n<hr class=\"wp-block-separator has-alpha-channel-opacity\"\/>\n\n\n\n<div id=\"wp-block-themeisle-blocks-slider-93b8b6b7\" class=\"wp-block-themeisle-blocks-slider glide\" data-per-view=\"2\" data-gap=\"30\" data-peek=\"0\" data-autoplay=\"5000\" data-height=\"600px\" data-hide-arrows=\"false\"><div class=\"glide__track\" data-glide-el=\"track\"><div class=\"glide__slides\"><div class=\"wp-block-themeisle-blocks-slider-item-wrapper glide__slide\" tabindex=\"0\"><figure><img decoding=\"async\" class=\"wp-block-themeisle-blocks-slider-item\" src=\"http:\/\/chaletorcieresalpes.com\/wp-content\/uploads\/2025\/12\/IMG_7890-rotated.jpg\" alt=\"\" title=\"\" data-id=\"27\"\/><figcaption>Salon et cuisine<\/figcaption><\/figure><\/div><div class=\"wp-block-themeisle-blocks-slider-item-wrapper glide__slide\" tabindex=\"0\"><figure><img decoding=\"async\" class=\"wp-block-themeisle-blocks-slider-item\" src=\"http:\/\/chaletorcieresalpes.com\/wp-content\/uploads\/2025\/12\/IMG_7882-rotated.jpg\" alt=\"\" title=\"\" data-id=\"19\"\/><figcaption>Salon et cuisine<\/figcaption><\/figure><\/div><div class=\"wp-block-themeisle-blocks-slider-item-wrapper glide__slide\" tabindex=\"0\"><figure><img decoding=\"async\" class=\"wp-block-themeisle-blocks-slider-item\" src=\"http:\/\/chaletorcieresalpes.com\/wp-content\/uploads\/2025\/12\/IMG_1425-rotated.jpg\" alt=\"\" title=\"\" data-id=\"8\"\/><figcaption>Chambre<\/figcaption><\/figure><\/div><div class=\"wp-block-themeisle-blocks-slider-item-wrapper glide__slide\" tabindex=\"0\"><figure><img decoding=\"async\" class=\"wp-block-themeisle-blocks-slider-item\" src=\"http:\/\/chaletorcieresalpes.com\/wp-content\/uploads\/2025\/12\/IMG_7873-1-rotated.jpg\" alt=\"\" title=\"\" data-id=\"109\"\/><figcaption>salle de bain <\/figcaption><\/figure><\/div><div class=\"wp-block-themeisle-blocks-slider-item-wrapper glide__slide\" tabindex=\"0\"><figure><img decoding=\"async\" class=\"wp-block-themeisle-blocks-slider-item\" src=\"http:\/\/chaletorcieresalpes.com\/wp-content\/uploads\/2025\/12\/IMG_7875-1-rotated.jpg\" alt=\"\" title=\"\" data-id=\"108\"\/><figcaption>douche<\/figcaption><\/figure><\/div><\/div><div class=\"glide__bullets\" data-glide-el=\"controls[nav]\"><button class=\"glide__bullet\" data-glide-dir=\"=0\"><\/button><button class=\"glide__bullet\" data-glide-dir=\"=1\"><\/button><button class=\"glide__bullet\" data-glide-dir=\"=2\"><\/button><button class=\"glide__bullet\" data-glide-dir=\"=3\"><\/button><button class=\"glide__bullet\" data-glide-dir=\"=4\"><\/button><\/div><\/div><\/div>\n\n\n\n<figure class=\"wp-block-image size-large is-resized\"><img loading=\"lazy\" decoding=\"async\" width=\"1024\" height=\"580\" src=\"http:\/\/chaletorcieresalpes.com\/wp-content\/uploads\/2026\/01\/VUE-DRONE-BAPTISTE-PISTE-ET-PALAIS-DES-SPORTS-1024x580.jpg\" alt=\"\" class=\"wp-image-433\" style=\"width:1200px;height:auto\" srcset=\"https:\/\/chaletorcieresalpes.com\/wp-content\/uploads\/2026\/01\/VUE-DRONE-BAPTISTE-PISTE-ET-PALAIS-DES-SPORTS-1024x580.jpg 1024w, https:\/\/chaletorcieresalpes.com\/wp-content\/uploads\/2026\/01\/VUE-DRONE-BAPTISTE-PISTE-ET-PALAIS-DES-SPORTS-300x170.jpg 300w, https:\/\/chaletorcieresalpes.com\/wp-content\/uploads\/2026\/01\/VUE-DRONE-BAPTISTE-PISTE-ET-PALAIS-DES-SPORTS-768x435.jpg 768w, https:\/\/chaletorcieresalpes.com\/wp-content\/uploads\/2026\/01\/VUE-DRONE-BAPTISTE-PISTE-ET-PALAIS-DES-SPORTS.jpg 1249w\" sizes=\"auto, (max-width: 1024px) 100vw, 1024px\" \/><\/figure>\n\n\n\n<blockquote class=\"wp-block-quote is-layout-flow wp-block-quote-is-layout-flow\">\n<hr class=\"wp-block-separator has-alpha-channel-opacity\"\/>\n\n\n\n<p><strong>Appartement de 45 m\u00b2 en rez de chauss\u00e9e d&rsquo;un chalet de montagne en pierre.<\/strong><\/p>\n\n\n\n<p>Cuisine avec tout le confort ouverte sur le salon <br>Chambre avec 4 couchages <br>Canap\u00e9 2 places<br>Salle de bain avec douche<br>Wc ind\u00e9pendant<br>Exposition sud-est<br><\/p>\n\n\n\n<hr class=\"wp-block-separator has-alpha-channel-opacity\"\/>\n<\/blockquote>\n\n\n\n<ul class=\"wp-block-list\">\n<li><strong>Confort<\/strong> <br>R\u00e9frig\u00e9rateur<br>Lave vaisselle<br>Four \/ Micro Ondes<br>Lave linge <br>Lave vaisselle<br><br>Canap\u00e9 convertible<br>T\u00e9l\u00e9vision<br>Acc\u00e8s internet privatif Wifi<br><\/li>\n\n\n\n<li><strong>Equipements<\/strong><br>Parking \u00e0 proximit\u00e9<br><\/li>\n\n\n\n<li><strong>Services<\/strong><br>Animaux non accept\u00e9s<\/li>\n<\/ul>\n\n\n\n<hr class=\"wp-block-separator has-alpha-channel-opacity\"\/>\n\n\n<div style=\"height:400pxpx;\" class=\"wp-block-themeisle-blocks-leaflet-map\" id=\"wp-block-themeisle-blocks-leaflet-map-b28d3044\"><\/div>\n<script type=\"text\/javascript\">\n\t\/* <![CDATA[ *\/\n\t\tif ( ! window.themeisleLeafletMaps ) window.themeisleLeafletMaps =[];\n\t\twindow.themeisleLeafletMaps.push( { container: \"wp-block-themeisle-blocks-leaflet-map-b28d3044\", attributes: {\"id\":\"wp-block-themeisle-blocks-leaflet-map-b28d3044\",\"latitude\":\"44.696263724634626\",\"longitude\":\"6.319284439086915\",\"bbox\":\"6.316065788269044,44.69550106529973,6.322503089904785,44.697026373925056\",\"zoom\":18,\"markers\":[{\"id\":\"cec7f3a8-a7c8-42c6-9cee-feb214029806\",\"latitude\":44.696263724634626,\"longitude\":6.319284439086915,\"title\":\"Add a title\",\"description\":\"\"}],\"location\":\"La Sagrada Familia, Barcelona, Spain\",\"height\":\"400px\",\"zoomControl\":true,\"draggable\":true,\"hasCustomCSS\":false,\"customCSS\":\"\",\"otterConditions\":[]} } );\n\t\/* ]]> *\/\n<\/script>\n\n\n\n<hr class=\"wp-block-separator has-alpha-channel-opacity\"\/>\n","protected":false},"excerpt":{"rendered":"<p>Appartement situ\u00e9 au rez-de-chauss\u00e9e pouvant accueillir jusqu&rsquo;\u00e0 6 personnes, mais il est id\u00e9alement con\u00e7u pour offrir un confort optimal \u00e0 [&hellip;]<\/p>\n","protected":false},"author":1,"featured_media":0,"parent":0,"menu_order":0,"comment_status":"closed","ping_status":"closed","template":"","meta":{"site-sidebar-layout":"default","site-content-layout":"","ast-site-content-layout":"default","site-content-style":"default","site-sidebar-style":"default","ast-global-header-display":"","ast-banner-title-visibility":"","ast-main-header-display":"","ast-hfb-above-header-display":"","ast-hfb-below-header-display":"","ast-hfb-mobile-header-display":"","site-post-title":"","ast-breadcrumbs-content":"","ast-featured-img":"","footer-sml-layout":"","ast-disable-related-posts":"","theme-transparent-header-meta":"","adv-header-id-meta":"","stick-header-meta":"","header-above-stick-meta":"","header-main-stick-meta":"","header-below-stick-meta":"","astra-migrate-meta-layouts":"default","ast-page-background-enabled":"default","ast-page-background-meta":{"desktop":{"background-color":"var(--ast-global-color-5)","background-image":"","background-repeat":"repeat","background-position":"center center","background-size":"auto","background-attachment":"scroll","background-type":"","background-media":"","overlay-type":"","overlay-color":"","overlay-opacity":"","overlay-gradient":""},"tablet":{"background-color":"","background-image":"","background-repeat":"repeat","background-position":"center center","background-size":"auto","background-attachment":"scroll","background-type":"","background-media":"","overlay-type":"","overlay-color":"","overlay-opacity":"","overlay-gradient":""},"mobile":{"background-color":"","background-image":"","background-repeat":"repeat","background-position":"center center","background-size":"auto","background-attachment":"scroll","background-type":"","background-media":"","overlay-type":"","overlay-color":"","overlay-opacity":"","overlay-gradient":""}},"ast-content-background-meta":{"desktop":{"background-color":"var(--ast-global-color-4)","background-image":"","background-repeat":"repeat","background-position":"center center","background-size":"auto","background-attachment":"scroll","background-type":"","background-media":"","overlay-type":"","overlay-color":"","overlay-opacity":"","overlay-gradient":""},"tablet":{"background-color":"var(--ast-global-color-4)","background-image":"","background-repeat":"repeat","background-position":"center center","background-size":"auto","background-attachment":"scroll","background-type":"","background-media":"","overlay-type":"","overlay-color":"","overlay-opacity":"","overlay-gradient":""},"mobile":{"background-color":"var(--ast-global-color-4)","background-image":"","background-repeat":"repeat","background-position":"center center","background-size":"auto","background-attachment":"scroll","background-type":"","background-media":"","overlay-type":"","overlay-color":"","overlay-opacity":"","overlay-gradient":""}},"advanced_seo_description":"","jetpack_seo_html_title":"","jetpack_seo_noindex":false,"_themeisle_gutenberg_block_has_review":false,"footnotes":""},"class_list":["post-138","page","type-page","status-publish","hentry"],"jetpack_sharing_enabled":true,"_links":{"self":[{"href":"https:\/\/chaletorcieresalpes.com\/index.php\/wp-json\/wp\/v2\/pages\/138","targetHints":{"allow":["GET"]}}],"collection":[{"href":"https:\/\/chaletorcieresalpes.com\/index.php\/wp-json\/wp\/v2\/pages"}],"about":[{"href":"https:\/\/chaletorcieresalpes.com\/index.php\/wp-json\/wp\/v2\/types\/page"}],"author":[{"embeddable":true,"href":"https:\/\/chaletorcieresalpes.com\/index.php\/wp-json\/wp\/v2\/users\/1"}],"replies":[{"embeddable":true,"href":"https:\/\/chaletorcieresalpes.com\/index.php\/wp-json\/wp\/v2\/comments?post=138"}],"version-history":[{"count":15,"href":"https:\/\/chaletorcieresalpes.com\/index.php\/wp-json\/wp\/v2\/pages\/138\/revisions"}],"predecessor-version":[{"id":434,"href":"https:\/\/chaletorcieresalpes.com\/index.php\/wp-json\/wp\/v2\/pages\/138\/revisions\/434"}],"wp:attachment":[{"href":"https:\/\/chaletorcieresalpes.com\/index.php\/wp-json\/wp\/v2\/media?parent=138"}],"curies":[{"name":"wp","href":"https:\/\/api.w.org\/{rel}","templated":true}]}}