{"id":133,"date":"2025-12-29T11:52:48","date_gmt":"2025-12-29T11:52:48","guid":{"rendered":"https:\/\/chaletorcieresalpes.com\/?page_id=133"},"modified":"2026-01-05T15:33:21","modified_gmt":"2026-01-05T15:33:21","slug":"baptiste-haut","status":"publish","type":"page","link":"https:\/\/chaletorcieresalpes.com\/index.php\/baptiste-haut\/","title":{"rendered":"Baptiste 8 \/ 10 personnes"},"content":{"rendered":"\n<p>Appartement situ\u00e9 au 1er \u00e9tage pouvant accueillir jusqu&rsquo;\u00e0 10 personnes, mais il est id\u00e9alement con\u00e7u pour offrir un confort optimal \u00e0 8 personnes<\/p>\n\n\n\n<p><\/p>\n\n\n\n<hr class=\"wp-block-separator has-alpha-channel-opacity\"\/>\n\n\n\n<div id=\"wp-block-themeisle-blocks-slider-275032f7\" class=\"wp-block-themeisle-blocks-slider glide\" data-per-view=\"2\" data-gap=\"30\" data-peek=\"0\" data-autoplay=\"5000\" data-height=\"600px\" data-hide-arrows=\"false\"><div class=\"glide__track\" data-glide-el=\"track\"><div class=\"glide__slides\"><div class=\"wp-block-themeisle-blocks-slider-item-wrapper glide__slide\" tabindex=\"0\"><figure><img decoding=\"async\" class=\"wp-block-themeisle-blocks-slider-item\" src=\"http:\/\/chaletorcieresalpes.com\/wp-content\/uploads\/2026\/01\/ETE-2.jpg\" alt=\"\" title=\"\" data-id=\"419\"\/><\/figure><\/div><div class=\"wp-block-themeisle-blocks-slider-item-wrapper glide__slide\" tabindex=\"0\"><figure><img decoding=\"async\" class=\"wp-block-themeisle-blocks-slider-item\" src=\"http:\/\/chaletorcieresalpes.com\/wp-content\/uploads\/2025\/12\/IMG_1681.jpg\" alt=\"\" title=\"\" data-id=\"51\"\/><figcaption>cuisine et salle a manger<\/figcaption><\/figure><\/div><div class=\"wp-block-themeisle-blocks-slider-item-wrapper glide__slide\" tabindex=\"0\"><figure><img decoding=\"async\" class=\"wp-block-themeisle-blocks-slider-item\" src=\"http:\/\/chaletorcieresalpes.com\/wp-content\/uploads\/2026\/01\/IMG_16011-1-scaled.jpg\" alt=\"\" title=\"\" data-id=\"305\"\/><figcaption>Cuisine<\/figcaption><\/figure><\/div><div class=\"wp-block-themeisle-blocks-slider-item-wrapper glide__slide\" tabindex=\"0\"><figure><img decoding=\"async\" class=\"wp-block-themeisle-blocks-slider-item\" src=\"http:\/\/chaletorcieresalpes.com\/wp-content\/uploads\/2025\/12\/IMG_1602.jpg\" alt=\"\" title=\"\" data-id=\"48\"\/><figcaption>couloir<\/figcaption><\/figure><\/div><div class=\"wp-block-themeisle-blocks-slider-item-wrapper glide__slide\" tabindex=\"0\"><figure><img decoding=\"async\" class=\"wp-block-themeisle-blocks-slider-item\" src=\"http:\/\/chaletorcieresalpes.com\/wp-content\/uploads\/2026\/01\/IMG_8826-rotated.jpg\" alt=\"\" title=\"\" data-id=\"354\"\/><figcaption>Coin repas avec salon<\/figcaption><\/figure><\/div><div class=\"wp-block-themeisle-blocks-slider-item-wrapper glide__slide\" tabindex=\"0\"><figure><img decoding=\"async\" class=\"wp-block-themeisle-blocks-slider-item\" src=\"http:\/\/chaletorcieresalpes.com\/wp-content\/uploads\/2026\/01\/IMG_1671-rotated.jpg\" alt=\"\" title=\"\" data-id=\"421\"\/><\/figure><\/div><div class=\"wp-block-themeisle-blocks-slider-item-wrapper glide__slide\" tabindex=\"0\"><figure><img decoding=\"async\" class=\"wp-block-themeisle-blocks-slider-item\" src=\"http:\/\/chaletorcieresalpes.com\/wp-content\/uploads\/2025\/12\/IMG_2094.jpg\" alt=\"\" title=\"\" data-id=\"55\"\/><figcaption>Chambre rez de chauss\u00e9<\/figcaption><\/figure><\/div><div class=\"wp-block-themeisle-blocks-slider-item-wrapper glide__slide\" tabindex=\"0\"><figure><img decoding=\"async\" class=\"wp-block-themeisle-blocks-slider-item\" src=\"http:\/\/chaletorcieresalpes.com\/wp-content\/uploads\/2025\/12\/M-IMG_1610-1.jpg\" alt=\"\" title=\"\" data-id=\"43\"\/><figcaption>Salle de bain rez de chauss\u00e9e<\/figcaption><\/figure><\/div><div class=\"wp-block-themeisle-blocks-slider-item-wrapper glide__slide\" tabindex=\"0\"><figure><img decoding=\"async\" class=\"wp-block-themeisle-blocks-slider-item\" src=\"http:\/\/chaletorcieresalpes.com\/wp-content\/uploads\/2026\/01\/IMG_7892-rotated.jpg\" alt=\"\" title=\"\" data-id=\"344\"\/><\/figure><\/div><div class=\"wp-block-themeisle-blocks-slider-item-wrapper glide__slide\" tabindex=\"0\"><figure><img decoding=\"async\" class=\"wp-block-themeisle-blocks-slider-item\" src=\"http:\/\/chaletorcieresalpes.com\/wp-content\/uploads\/2025\/12\/IMG_7900_1-rotated.jpg\" alt=\"\" title=\"\" data-id=\"37\"\/><figcaption>1 \u00e8re chambre de l&rsquo;\u00e9tage<\/figcaption><\/figure><\/div><div class=\"wp-block-themeisle-blocks-slider-item-wrapper glide__slide\" tabindex=\"0\"><figure><img decoding=\"async\" class=\"wp-block-themeisle-blocks-slider-item\" src=\"http:\/\/chaletorcieresalpes.com\/wp-content\/uploads\/2025\/12\/IMG_7895_1-rotated.jpg\" alt=\"\" title=\"\" data-id=\"63\"\/><figcaption>2 \u00e8me chambre de l&rsquo;\u00e9tage<\/figcaption><\/figure><\/div><div class=\"wp-block-themeisle-blocks-slider-item-wrapper glide__slide\" tabindex=\"0\"><figure><img decoding=\"async\" class=\"wp-block-themeisle-blocks-slider-item\" src=\"http:\/\/chaletorcieresalpes.com\/wp-content\/uploads\/2025\/12\/M-IMG_1612.jpg\" alt=\"\" title=\"\" data-id=\"44\"\/><figcaption>salle de bain de l&rsquo;\u00e9tage<\/figcaption><\/figure><\/div><div class=\"wp-block-themeisle-blocks-slider-item-wrapper glide__slide\" tabindex=\"0\"><figure><img decoding=\"async\" class=\"wp-block-themeisle-blocks-slider-item\" src=\"http:\/\/chaletorcieresalpes.com\/wp-content\/uploads\/2026\/01\/HIVER-3.jpg\" alt=\"\" title=\"\" data-id=\"420\"\/><\/figure><\/div><div class=\"wp-block-themeisle-blocks-slider-item-wrapper glide__slide\" tabindex=\"0\"><figure><img decoding=\"async\" class=\"wp-block-themeisle-blocks-slider-item\" src=\"http:\/\/chaletorcieresalpes.com\/wp-content\/uploads\/2026\/01\/IMG_4684-scaled.jpg\" alt=\"\" title=\"\" data-id=\"427\"\/><\/figure><\/div><\/div><div class=\"glide__bullets\" data-glide-el=\"controls[nav]\"><button class=\"glide__bullet\" data-glide-dir=\"=0\"><\/button><button class=\"glide__bullet\" data-glide-dir=\"=1\"><\/button><button class=\"glide__bullet\" data-glide-dir=\"=2\"><\/button><button class=\"glide__bullet\" data-glide-dir=\"=3\"><\/button><button class=\"glide__bullet\" data-glide-dir=\"=4\"><\/button><button class=\"glide__bullet\" data-glide-dir=\"=5\"><\/button><button class=\"glide__bullet\" data-glide-dir=\"=6\"><\/button><button class=\"glide__bullet\" data-glide-dir=\"=7\"><\/button><button class=\"glide__bullet\" data-glide-dir=\"=8\"><\/button><button class=\"glide__bullet\" data-glide-dir=\"=9\"><\/button><button class=\"glide__bullet\" data-glide-dir=\"=10\"><\/button><button class=\"glide__bullet\" data-glide-dir=\"=11\"><\/button><button class=\"glide__bullet\" data-glide-dir=\"=12\"><\/button><button class=\"glide__bullet\" data-glide-dir=\"=13\"><\/button><\/div><\/div><\/div>\n\n\n\n<hr class=\"wp-block-separator has-alpha-channel-opacity\"\/>\n\n\n\n<figure class=\"wp-block-image size-large is-resized\"><img loading=\"lazy\" decoding=\"async\" width=\"1024\" height=\"580\" src=\"http:\/\/chaletorcieresalpes.com\/wp-content\/uploads\/2026\/01\/VUE-DRONE-BAPTISTE-PISTE-ET-PALAIS-DES-SPORTS-1024x580.jpg\" alt=\"\" class=\"wp-image-433\" style=\"width:1200px;height:auto\" srcset=\"https:\/\/chaletorcieresalpes.com\/wp-content\/uploads\/2026\/01\/VUE-DRONE-BAPTISTE-PISTE-ET-PALAIS-DES-SPORTS-1024x580.jpg 1024w, https:\/\/chaletorcieresalpes.com\/wp-content\/uploads\/2026\/01\/VUE-DRONE-BAPTISTE-PISTE-ET-PALAIS-DES-SPORTS-300x170.jpg 300w, https:\/\/chaletorcieresalpes.com\/wp-content\/uploads\/2026\/01\/VUE-DRONE-BAPTISTE-PISTE-ET-PALAIS-DES-SPORTS-768x435.jpg 768w, https:\/\/chaletorcieresalpes.com\/wp-content\/uploads\/2026\/01\/VUE-DRONE-BAPTISTE-PISTE-ET-PALAIS-DES-SPORTS.jpg 1249w\" sizes=\"auto, (max-width: 1024px) 100vw, 1024px\" \/><\/figure>\n\n\n\n<hr class=\"wp-block-separator has-alpha-channel-opacity\"\/>\n\n\n\n<ul class=\"wp-block-list\">\n<li><strong>Confort<\/strong><br>Acc\u00e8s Internet privatif Wifi<br>Grand r\u00e9frig\u00e9rateur<br>Four \/ Micro ondes<br>Lave vaisselle<br>Cafeti\u00e8re expresso et familiale<br>Lave linge <br>T\u00e9l\u00e9vision<br>2 canap\u00e9s 2 places<br><\/li>\n\n\n\n<li><strong>Equipements<\/strong><br>Parking \u00e0 proximit\u00e9<\/li>\n<\/ul>\n\n\n<div style=\"height:400pxpx;\" class=\"wp-block-themeisle-blocks-leaflet-map\" id=\"wp-block-themeisle-blocks-leaflet-map-b28d3044\"><\/div>\n<script type=\"text\/javascript\">\n\t\/* <![CDATA[ *\/\n\t\tif ( ! window.themeisleLeafletMaps ) window.themeisleLeafletMaps =[];\n\t\twindow.themeisleLeafletMaps.push( { container: \"wp-block-themeisle-blocks-leaflet-map-b28d3044\", attributes: {\"id\":\"wp-block-themeisle-blocks-leaflet-map-b28d3044\",\"latitude\":\"44.69750278630649\",\"longitude\":\"6.3187748193740845\",\"bbox\":\"6.305894851684571,44.694452392313444,6.331644058227539,44.70055349623627\",\"zoom\":16,\"markers\":[{\"id\":\"cec7f3a8-a7c8-42c6-9cee-feb214029806\",\"latitude\":44.696263724634626,\"longitude\":6.319284439086915,\"title\":\"Add a title\",\"description\":\"\"}],\"location\":\"La Sagrada Familia, Barcelona, Spain\",\"height\":\"400px\",\"zoomControl\":true,\"draggable\":true,\"hasCustomCSS\":false,\"customCSS\":\"\",\"otterConditions\":[]} } );\n\t\/* ]]> *\/\n<\/script>\n\n\n\n<p><\/p>\n","protected":false},"excerpt":{"rendered":"<p>Appartement situ\u00e9 au 1er \u00e9tage pouvant accueillir jusqu&rsquo;\u00e0 10 personnes, mais il est id\u00e9alement con\u00e7u pour offrir un confort optimal [&hellip;]<\/p>\n","protected":false},"author":1,"featured_media":0,"parent":0,"menu_order":0,"comment_status":"closed","ping_status":"closed","template":"","meta":{"site-sidebar-layout":"default","site-content-layout":"","ast-site-content-layout":"default","site-content-style":"default","site-sidebar-style":"default","ast-global-header-display":"","ast-banner-title-visibility":"","ast-main-header-display":"","ast-hfb-above-header-display":"","ast-hfb-below-header-display":"","ast-hfb-mobile-header-display":"","site-post-title":"","ast-breadcrumbs-content":"","ast-featured-img":"","footer-sml-layout":"","ast-disable-related-posts":"","theme-transparent-header-meta":"","adv-header-id-meta":"","stick-header-meta":"","header-above-stick-meta":"","header-main-stick-meta":"","header-below-stick-meta":"","astra-migrate-meta-layouts":"default","ast-page-background-enabled":"default","ast-page-background-meta":{"desktop":{"background-color":"var(--ast-global-color-5)","background-image":"","background-repeat":"repeat","background-position":"center center","background-size":"auto","background-attachment":"scroll","background-type":"","background-media":"","overlay-type":"","overlay-color":"","overlay-opacity":"","overlay-gradient":""},"tablet":{"background-color":"","background-image":"","background-repeat":"repeat","background-position":"center center","background-size":"auto","background-attachment":"scroll","background-type":"","background-media":"","overlay-type":"","overlay-color":"","overlay-opacity":"","overlay-gradient":""},"mobile":{"background-color":"","background-image":"","background-repeat":"repeat","background-position":"center center","background-size":"auto","background-attachment":"scroll","background-type":"","background-media":"","overlay-type":"","overlay-color":"","overlay-opacity":"","overlay-gradient":""}},"ast-content-background-meta":{"desktop":{"background-color":"var(--ast-global-color-4)","background-image":"","background-repeat":"repeat","background-position":"center center","background-size":"auto","background-attachment":"scroll","background-type":"","background-media":"","overlay-type":"","overlay-color":"","overlay-opacity":"","overlay-gradient":""},"tablet":{"background-color":"var(--ast-global-color-4)","background-image":"","background-repeat":"repeat","background-position":"center center","background-size":"auto","background-attachment":"scroll","background-type":"","background-media":"","overlay-type":"","overlay-color":"","overlay-opacity":"","overlay-gradient":""},"mobile":{"background-color":"var(--ast-global-color-4)","background-image":"","background-repeat":"repeat","background-position":"center center","background-size":"auto","background-attachment":"scroll","background-type":"","background-media":"","overlay-type":"","overlay-color":"","overlay-opacity":"","overlay-gradient":""}},"advanced_seo_description":"","jetpack_seo_html_title":"","jetpack_seo_noindex":false,"_themeisle_gutenberg_block_has_review":false,"footnotes":""},"class_list":["post-133","page","type-page","status-publish","hentry"],"jetpack_sharing_enabled":true,"_links":{"self":[{"href":"https:\/\/chaletorcieresalpes.com\/index.php\/wp-json\/wp\/v2\/pages\/133","targetHints":{"allow":["GET"]}}],"collection":[{"href":"https:\/\/chaletorcieresalpes.com\/index.php\/wp-json\/wp\/v2\/pages"}],"about":[{"href":"https:\/\/chaletorcieresalpes.com\/index.php\/wp-json\/wp\/v2\/types\/page"}],"author":[{"embeddable":true,"href":"https:\/\/chaletorcieresalpes.com\/index.php\/wp-json\/wp\/v2\/users\/1"}],"replies":[{"embeddable":true,"href":"https:\/\/chaletorcieresalpes.com\/index.php\/wp-json\/wp\/v2\/comments?post=133"}],"version-history":[{"count":20,"href":"https:\/\/chaletorcieresalpes.com\/index.php\/wp-json\/wp\/v2\/pages\/133\/revisions"}],"predecessor-version":[{"id":435,"href":"https:\/\/chaletorcieresalpes.com\/index.php\/wp-json\/wp\/v2\/pages\/133\/revisions\/435"}],"wp:attachment":[{"href":"https:\/\/chaletorcieresalpes.com\/index.php\/wp-json\/wp\/v2\/media?parent=133"}],"curies":[{"name":"wp","href":"https:\/\/api.w.org\/{rel}","templated":true}]}}